{"id":1321,"date":"2020-05-08T19:50:22","date_gmt":"2020-05-08T17:50:22","guid":{"rendered":"http:\/\/rvpk.org\/wp\/?page_id=1321"},"modified":"2020-05-12T17:23:29","modified_gmt":"2020-05-12T15:23:29","slug":"12-5-2020-nuoriso-osaston-etaharjoitus-palonaru-ja-solmut","status":"publish","type":"page","link":"https:\/\/rvpk.org\/wp\/nos__trashed\/12-5-2020-nuoriso-osaston-etaharjoitus-palonaru-ja-solmut\/","title":{"rendered":"12.5.2020 Nuoriso-osaston et\u00e4harjoitus: Palonaru ja solmut"},"content":{"rendered":"\n<p>Harjoituksen aiheena on palonaru ja solmut. Palonaru kuuluu toisen tasokurssin (TaKu 2) sis\u00e4lt\u00f6\u00f6n ja solmut tasokursseihin 1 ja 3 (TaKu 1&amp;3).<\/p>\n\n\n\n<p>Ota tavoitteeksesi oppia yksi uusi solmu.<\/p>\n\n\n\n<hr class=\"wp-block-separator\"\/>\n\n\n\n<h2 class=\"wp-block-heading\"><strong>Tietoisku<\/strong><\/h2>\n\n\n\n<h3 class=\"wp-block-heading\"><strong>Palonaru<\/strong><\/h3>\n\n\n\n<div class=\"wp-block-columns is-layout-flex wp-container-core-columns-is-layout-9d6595d7 wp-block-columns-is-layout-flex\">\n<div class=\"wp-block-column is-vertically-aligned-center is-layout-flow wp-block-column-is-layout-flow\" style=\"flex-basis:76.1%\">\n<p>Palonaru on karbiinihaalla varustettu k\u00f6ysi, jota s\u00e4ilytet\u00e4\u00e4n kelalla.<\/p>\n\n\n\n<p> Palonarua k\u00e4ytet\u00e4\u00e4n esimerkiksi kaluston nostamiseen ja sitomiseen. Palonarua voidaan nimitt\u00e4\u00e4 my\u00f6s kalustonaruksi.<\/p>\n<\/div>\n\n\n\n<div class=\"wp-block-column is-layout-flow wp-block-column-is-layout-flow\" style=\"flex-basis:33.33%\">\n<div class=\"wp-block-image\"><figure class=\"aligncenter size-large is-resized\"><img loading=\"lazy\" decoding=\"async\" src=\"https:\/\/rvpk.org\/wp\/wp-content\/uploads\/2020\/05\/palonaru.png\" alt=\"\" class=\"wp-image-1356\" width=\"114\" height=\"175\" srcset=\"https:\/\/rvpk.org\/wp\/wp-content\/uploads\/2020\/05\/palonaru.png 584w, https:\/\/rvpk.org\/wp\/wp-content\/uploads\/2020\/05\/palonaru-195x300.png 195w\" sizes=\"auto, (max-width: 114px) 100vw, 114px\" \/><\/figure><\/div>\n\n\n\n<p><\/p>\n<\/div>\n<\/div>\n\n\n\n<p>Palonarua ei k\u00e4ytet\u00e4 korkealla ty\u00f6skentelyn apuv\u00e4lineen\u00e4 putoamisvaarallisissa tilanteissa eik\u00e4 pelastamiseen tai pelastautumiseen h\u00e4t\u00e4tilanteissa. N\u00e4it\u00e4 tilanteita varten on <em>k\u00f6ysipelastuskalusto<\/em>.<\/p>\n\n\n\n<p><\/p>\n\n\n\n<h4 class=\"wp-block-heading\"><strong>Palonarun osat<\/strong><\/h4>\n\n\n\n<p>Palonarun osat ovat<br>  &#8211; naru<br>  &#8211; kela, jolla naru on<br>  &#8211; silmuri, joka on narun p\u00e4\u00e4ss\u00e4 ja<br>  &#8211; karbiini- eli jousihaka, joka on kiinni silmurissa.<\/p>\n\n\n\n<div class=\"wp-block-image\"><figure class=\"aligncenter size-large is-resized\"><img loading=\"lazy\" decoding=\"async\" src=\"https:\/\/rvpk.org\/wp\/wp-content\/uploads\/2020\/05\/palonarun-osat.png\" alt=\"\" class=\"wp-image-1362\" width=\"323\" height=\"225\" srcset=\"https:\/\/rvpk.org\/wp\/wp-content\/uploads\/2020\/05\/palonarun-osat.png 848w, https:\/\/rvpk.org\/wp\/wp-content\/uploads\/2020\/05\/palonarun-osat-300x209.png 300w, https:\/\/rvpk.org\/wp\/wp-content\/uploads\/2020\/05\/palonarun-osat-768x535.png 768w\" sizes=\"auto, (max-width: 323px) 100vw, 323px\" \/><\/figure><\/div>\n\n\n\n<p>Vanhoissa palonaruissa saattaa lis\u00e4ksi olla narujarru, jota k\u00e4ytettiin h\u00e4t\u00e4poistumiseen ennen k\u00f6ysipelastuskaluston k\u00e4ytt\u00f6\u00f6nottoa.<\/p>\n\n\n\n<h4 class=\"wp-block-heading\"><strong>Palonarun kelaaminen<\/strong><\/h4>\n\n\n\n<div class=\"wp-block-columns is-layout-flex wp-container-core-columns-is-layout-9d6595d7 wp-block-columns-is-layout-flex\">\n<div class=\"wp-block-column is-layout-flow wp-block-column-is-layout-flow\" style=\"flex-basis:66.66%\">\n<p>Palonaru laitetaan kelalle <strong>kelaa py\u00f6ritt\u00e4en<\/strong>. Kelatessa tuetaan kelan toinen p\u00e4\u00e4 vartaloon, kierret\u00e4\u00e4n kelaa toisesta p\u00e4\u00e4st\u00e4 ja ohjataan samalla sormilla naru j\u00e4rjestyksess\u00e4 kelalle. Narua ei siis laiteta kelalle kiert\u00e4m\u00e4ll\u00e4 narua kelan ymp\u00e4ri, koska silloin naruun tulee kierteit\u00e4.<\/p>\n<\/div>\n\n\n\n<div class=\"wp-block-column is-layout-flow wp-block-column-is-layout-flow\" style=\"flex-basis:33.33%\">\n<figure class=\"wp-block-image size-large\"><img loading=\"lazy\" decoding=\"async\" width=\"741\" height=\"702\" src=\"https:\/\/rvpk.org\/wp\/wp-content\/uploads\/2020\/05\/kelaaminen.png\" alt=\"\" class=\"wp-image-1416\" srcset=\"https:\/\/rvpk.org\/wp\/wp-content\/uploads\/2020\/05\/kelaaminen.png 741w, https:\/\/rvpk.org\/wp\/wp-content\/uploads\/2020\/05\/kelaaminen-300x284.png 300w\" sizes=\"auto, (max-width: 706px) 89vw, (max-width: 767px) 82vw, 740px\" \/><\/figure>\n<\/div>\n<\/div>\n\n\n\n<p><strong>Palonarun lukitseminen<\/strong><\/p>\n\n\n\n<div class=\"wp-block-columns is-layout-flex wp-container-core-columns-is-layout-9d6595d7 wp-block-columns-is-layout-flex\">\n<div class=\"wp-block-column is-vertically-aligned-center is-layout-flow wp-block-column-is-layout-flow\">\n<p>Jos halutaan est\u00e4\u00e4 palonarun ylim\u00e4\u00e4r\u00e4inen purkautuminen, palonaru voidaan lukita. Palonaru lukitaan tekem\u00e4ll\u00e4 puolipolvi kelan ymp\u00e4rille. Puolipolvi est\u00e4\u00e4 narun purkautumisen kelalta.<\/p>\n<\/div>\n\n\n\n<div class=\"wp-block-column is-layout-flow wp-block-column-is-layout-flow\">\n<div class=\"wp-block-image\"><figure class=\"aligncenter size-large is-resized\"><img loading=\"lazy\" decoding=\"async\" src=\"https:\/\/rvpk.org\/wp\/wp-content\/uploads\/2020\/05\/lukitus.png\" alt=\"\" class=\"wp-image-1394\" width=\"195\" height=\"166\" srcset=\"https:\/\/rvpk.org\/wp\/wp-content\/uploads\/2020\/05\/lukitus.png 684w, https:\/\/rvpk.org\/wp\/wp-content\/uploads\/2020\/05\/lukitus-300x257.png 300w\" sizes=\"auto, (max-width: 195px) 100vw, 195px\" \/><\/figure><\/div>\n\n\n\n<p><\/p>\n<\/div>\n<\/div>\n\n\n\n<h4 class=\"wp-block-heading\"><strong>Kantolenkki<\/strong><\/h4>\n\n\n\n<p>Palonarua s\u00e4ilytet\u00e4\u00e4n kantolenkill\u00e4. Kun palonarussa on kantolenkki, sit\u00e4 voidaan kantaa olalla kuten olkalaukkua. Kantolenkki on oikean pituinen kun palonaru on lonkan p\u00e4\u00e4ll\u00e4.<\/p>\n\n\n\n<p>Kantolenkin tekeminen aloitetaan kelaamalla ylim\u00e4\u00e4r\u00e4inen naru kelalle. Kantolenkist\u00e4 tulee sopivan mittainen, kun j\u00e4tt\u00e4\u00e4 palonarua kantolenkki\u00e4 varten sen verran, ett\u00e4 karbiinihaka makaa maassa ja kela on otsan korkeudella.<\/p>\n\n\n\n<figure class=\"wp-block-image size-large\"><img loading=\"lazy\" decoding=\"async\" width=\"1024\" height=\"450\" src=\"https:\/\/rvpk.org\/wp\/wp-content\/uploads\/2020\/05\/kantolenkki-vaihe1-1024x450.png\" alt=\"\" class=\"wp-image-1420\" srcset=\"https:\/\/rvpk.org\/wp\/wp-content\/uploads\/2020\/05\/kantolenkki-vaihe1-1024x450.png 1024w, https:\/\/rvpk.org\/wp\/wp-content\/uploads\/2020\/05\/kantolenkki-vaihe1-300x132.png 300w, https:\/\/rvpk.org\/wp\/wp-content\/uploads\/2020\/05\/kantolenkki-vaihe1-768x337.png 768w, https:\/\/rvpk.org\/wp\/wp-content\/uploads\/2020\/05\/kantolenkki-vaihe1-1536x675.png 1536w, https:\/\/rvpk.org\/wp\/wp-content\/uploads\/2020\/05\/kantolenkki-vaihe1.png 1598w\" sizes=\"auto, (max-width: 767px) 89vw, (max-width: 1000px) 54vw, (max-width: 1071px) 543px, 580px\" \/><\/figure>\n\n\n\n<p>Kun sopiva narum\u00e4\u00e4r\u00e4 kantolenkki\u00e4 varten on l\u00f6ytynyt, taitetaan naru kaksinkerroin ja ty\u00f6nnet\u00e4\u00e4n se kelassa olevan korvakkeen l\u00e4pi ensin <em>ulkokautta <\/em>ja sitten toiselta puolelta kelaa sis\u00e4kautta. Lopuksi karbiinihaka avataan ja kiinnitet\u00e4\u00e4n kelan korvakkeesta kurkistavaan narulenkkiin.<\/p>\n\n\n\n<figure class=\"wp-block-image size-large\"><img loading=\"lazy\" decoding=\"async\" width=\"1024\" height=\"481\" src=\"https:\/\/rvpk.org\/wp\/wp-content\/uploads\/2020\/05\/kantolenkki-vaihe2-1-1024x481.png\" alt=\"\" class=\"wp-image-1422\" srcset=\"https:\/\/rvpk.org\/wp\/wp-content\/uploads\/2020\/05\/kantolenkki-vaihe2-1-1024x481.png 1024w, https:\/\/rvpk.org\/wp\/wp-content\/uploads\/2020\/05\/kantolenkki-vaihe2-1-300x141.png 300w, https:\/\/rvpk.org\/wp\/wp-content\/uploads\/2020\/05\/kantolenkki-vaihe2-1-768x361.png 768w, https:\/\/rvpk.org\/wp\/wp-content\/uploads\/2020\/05\/kantolenkki-vaihe2-1-1536x722.png 1536w, https:\/\/rvpk.org\/wp\/wp-content\/uploads\/2020\/05\/kantolenkki-vaihe2-1.png 1586w\" sizes=\"auto, (max-width: 767px) 89vw, (max-width: 1000px) 54vw, (max-width: 1071px) 543px, 580px\" \/><\/figure>\n\n\n\n<p>Kantolenkki on valmis! Kantolenkki puetaan karbiinihaka etupuolelle, koska haka on helpompi avata edest\u00e4, kun naru otetaan k\u00e4ytt\u00f6\u00f6n.<\/p>\n\n\n\n<h3 class=\"wp-block-heading\"><strong>Solmut<\/strong><\/h3>\n\n\n\n<p>K\u00e4ytett\u00e4vien solmujen tulee olla tarkoitukseensa sopivia, vahvoja, pit\u00e4vi\u00e4 ja helposti avattavia.<\/p>\n\n\n\n<h4 class=\"wp-block-heading\"><strong>Puolipolvi<\/strong><\/h4>\n\n\n\n<p>Puolipolvea k\u00e4ytet\u00e4\u00e4n ohjaukseen esimerkiksi kalustonostoissa ja moottoriruiskun imuletkussa.<\/p>\n\n\n\n<div class=\"wp-block-image\"><figure class=\"aligncenter size-large is-resized\"><img loading=\"lazy\" decoding=\"async\" src=\"https:\/\/rvpk.org\/wp\/wp-content\/uploads\/2020\/05\/puolipolvi-1024x549.png\" alt=\"\" class=\"wp-image-1344\" width=\"260\" height=\"139\" srcset=\"https:\/\/rvpk.org\/wp\/wp-content\/uploads\/2020\/05\/puolipolvi-1024x549.png 1024w, https:\/\/rvpk.org\/wp\/wp-content\/uploads\/2020\/05\/puolipolvi-300x161.png 300w, https:\/\/rvpk.org\/wp\/wp-content\/uploads\/2020\/05\/puolipolvi-768x411.png 768w, https:\/\/rvpk.org\/wp\/wp-content\/uploads\/2020\/05\/puolipolvi.png 1038w\" sizes=\"auto, (max-width: 260px) 100vw, 260px\" \/><\/figure><\/div>\n\n\n\n<figure class=\"wp-block-embed-vimeo wp-block-embed is-type-video is-provider-vimeo wp-embed-aspect-16-9 wp-has-aspect-ratio\"><div class=\"wp-block-embed__wrapper\">\n<iframe loading=\"lazy\" title=\"Puolipolvisolmu\" src=\"https:\/\/player.vimeo.com\/video\/135456274?dnt=1&amp;app_id=122963\" width=\"525\" height=\"295\" frameborder=\"0\" allow=\"autoplay; fullscreen; picture-in-picture; clipboard-write\"><\/iframe>\n<\/div><figcaption>Puolipolvi (SPEK)<\/figcaption><\/figure>\n\n\n\n<h4 class=\"wp-block-heading\"><strong>Leivonp\u00e4\u00e4<\/strong><\/h4>\n\n\n\n<p>Leivonp\u00e4\u00e4t\u00e4 k\u00e4ytet\u00e4\u00e4n kalustonostoissa.<\/p>\n\n\n\n<div class=\"wp-block-image\"><figure class=\"aligncenter size-large is-resized\"><img loading=\"lazy\" decoding=\"async\" src=\"https:\/\/rvpk.org\/wp\/wp-content\/uploads\/2020\/05\/leivonp\u00e4\u00e4.png\" alt=\"\" class=\"wp-image-1345\" width=\"244\" height=\"173\" srcset=\"https:\/\/rvpk.org\/wp\/wp-content\/uploads\/2020\/05\/leivonp\u00e4\u00e4.png 840w, https:\/\/rvpk.org\/wp\/wp-content\/uploads\/2020\/05\/leivonp\u00e4\u00e4-300x214.png 300w, https:\/\/rvpk.org\/wp\/wp-content\/uploads\/2020\/05\/leivonp\u00e4\u00e4-768x548.png 768w\" sizes=\"auto, (max-width: 244px) 100vw, 244px\" \/><\/figure><\/div>\n\n\n\n<figure class=\"wp-block-embed-vimeo wp-block-embed is-type-video is-provider-vimeo wp-embed-aspect-16-9 wp-has-aspect-ratio\"><div class=\"wp-block-embed__wrapper\">\n<iframe loading=\"lazy\" title=\"Leivonp\u00e4\u00e4\" src=\"https:\/\/player.vimeo.com\/video\/135183165?dnt=1&amp;app_id=122963\" width=\"525\" height=\"295\" frameborder=\"0\" allow=\"autoplay; fullscreen; picture-in-picture; clipboard-write\"><\/iframe>\n<\/div><figcaption>Leivonp\u00e4\u00e4 (SPEK)<\/figcaption><\/figure>\n\n\n\n<h4 class=\"wp-block-heading\"><strong>Siansorkka<\/strong><\/h4>\n\n\n\n<p>Siansorkkaa k\u00e4ytet\u00e4\u00e4n erilaisissa kiinnityksiss\u00e4.<\/p>\n\n\n\n<div class=\"wp-block-group alignwide\"><div class=\"wp-block-group__inner-container is-layout-flow wp-block-group-is-layout-flow\">\n<div class=\"wp-block-group\"><div class=\"wp-block-group__inner-container is-layout-flow wp-block-group-is-layout-flow\">\n<div class=\"wp-block-columns is-layout-flex wp-container-core-columns-is-layout-9d6595d7 wp-block-columns-is-layout-flex\">\n<div class=\"wp-block-column is-layout-flow wp-block-column-is-layout-flow\">\n<div class=\"wp-block-image\"><figure class=\"aligncenter size-large\"><img loading=\"lazy\" decoding=\"async\" width=\"834\" height=\"539\" src=\"https:\/\/rvpk.org\/wp\/wp-content\/uploads\/2020\/05\/siansorkka1-1.png\" alt=\"\" class=\"wp-image-1348\" srcset=\"https:\/\/rvpk.org\/wp\/wp-content\/uploads\/2020\/05\/siansorkka1-1.png 834w, https:\/\/rvpk.org\/wp\/wp-content\/uploads\/2020\/05\/siansorkka1-1-300x194.png 300w, https:\/\/rvpk.org\/wp\/wp-content\/uploads\/2020\/05\/siansorkka1-1-768x496.png 768w\" sizes=\"auto, (max-width: 767px) 89vw, (max-width: 1000px) 54vw, (max-width: 1071px) 543px, 580px\" \/><\/figure><\/div>\n<\/div>\n\n\n\n<div class=\"wp-block-column is-layout-flow wp-block-column-is-layout-flow\">\n<div class=\"wp-block-image\"><figure class=\"aligncenter size-large\"><img loading=\"lazy\" decoding=\"async\" width=\"836\" height=\"541\" src=\"https:\/\/rvpk.org\/wp\/wp-content\/uploads\/2020\/05\/siansorkka2-1.png\" alt=\"\" class=\"wp-image-1349\" srcset=\"https:\/\/rvpk.org\/wp\/wp-content\/uploads\/2020\/05\/siansorkka2-1.png 836w, https:\/\/rvpk.org\/wp\/wp-content\/uploads\/2020\/05\/siansorkka2-1-300x194.png 300w, https:\/\/rvpk.org\/wp\/wp-content\/uploads\/2020\/05\/siansorkka2-1-768x497.png 768w\" sizes=\"auto, (max-width: 767px) 89vw, (max-width: 1000px) 54vw, (max-width: 1071px) 543px, 580px\" \/><\/figure><\/div>\n<\/div>\n<\/div>\n<\/div><\/div>\n<\/div><\/div>\n\n\n\n<figure class=\"wp-block-embed-vimeo wp-block-embed is-type-video is-provider-vimeo wp-embed-aspect-16-9 wp-has-aspect-ratio\"><div class=\"wp-block-embed__wrapper\">\n<iframe loading=\"lazy\" title=\"Siansorkka\" src=\"https:\/\/player.vimeo.com\/video\/135183205?dnt=1&amp;app_id=122963\" width=\"525\" height=\"295\" frameborder=\"0\" allow=\"autoplay; fullscreen; picture-in-picture; clipboard-write\"><\/iframe>\n<\/div><figcaption>Siansorkka (SPEK)<\/figcaption><\/figure>\n\n\n\n<h4 class=\"wp-block-heading\"><strong>Jalussolmu<\/strong><\/h4>\n\n\n\n<p>Jalussolmun avulla voidaan liitt\u00e4\u00e4 kaksi k\u00f6ytt\u00e4 yhteen.<\/p>\n\n\n\n<div class=\"wp-block-image\"><figure class=\"aligncenter size-large is-resized\"><img loading=\"lazy\" decoding=\"async\" src=\"https:\/\/rvpk.org\/wp\/wp-content\/uploads\/2020\/05\/jalussolmu-1024x479.png\" alt=\"\" class=\"wp-image-1351\" width=\"398\" height=\"186\" srcset=\"https:\/\/rvpk.org\/wp\/wp-content\/uploads\/2020\/05\/jalussolmu-1024x479.png 1024w, https:\/\/rvpk.org\/wp\/wp-content\/uploads\/2020\/05\/jalussolmu-300x140.png 300w, https:\/\/rvpk.org\/wp\/wp-content\/uploads\/2020\/05\/jalussolmu-768x359.png 768w, https:\/\/rvpk.org\/wp\/wp-content\/uploads\/2020\/05\/jalussolmu.png 1179w\" sizes=\"auto, (max-width: 398px) 100vw, 398px\" \/><\/figure><\/div>\n\n\n\n<figure class=\"wp-block-embed-vimeo wp-block-embed is-type-video is-provider-vimeo wp-embed-aspect-16-9 wp-has-aspect-ratio\"><div class=\"wp-block-embed__wrapper\">\n<iframe loading=\"lazy\" title=\"Jalussolmu\" src=\"https:\/\/player.vimeo.com\/video\/135183163?dnt=1&amp;app_id=122963\" width=\"525\" height=\"295\" frameborder=\"0\" allow=\"autoplay; fullscreen; picture-in-picture; clipboard-write\"><\/iframe>\n<\/div><figcaption>Jalussolmu (SPEK)<\/figcaption><\/figure>\n\n\n\n<h4 class=\"wp-block-heading\"><strong>Paalusolmu<\/strong><\/h4>\n\n\n\n<p>Paalusolmussa on kiinte\u00e4 ja kiristym\u00e4t\u00f6n lenkki, jolla voi kiinnitt\u00e4yty\u00e4. Paalusolmua k\u00e4ytet\u00e4\u00e4n my\u00f6s pintapelastajan ymp\u00e4rill\u00e4. <\/p>\n\n\n\n<div class=\"wp-block-image\"><figure class=\"aligncenter size-large is-resized\"><img loading=\"lazy\" decoding=\"async\" src=\"https:\/\/rvpk.org\/wp\/wp-content\/uploads\/2020\/05\/paalusolmu.png\" alt=\"\" class=\"wp-image-1352\" width=\"250\" height=\"302\"\/><\/figure><\/div>\n\n\n\n<figure class=\"wp-block-embed-vimeo wp-block-embed is-type-video is-provider-vimeo wp-embed-aspect-16-9 wp-has-aspect-ratio\"><div class=\"wp-block-embed__wrapper\">\n<iframe loading=\"lazy\" title=\"Paalusolmu\" src=\"https:\/\/player.vimeo.com\/video\/135183167?dnt=1&amp;app_id=122963\" width=\"525\" height=\"295\" frameborder=\"0\" allow=\"autoplay; fullscreen; picture-in-picture; clipboard-write\"><\/iframe>\n<\/div><figcaption>Paalusolmu (SPEK)<\/figcaption><\/figure>\n\n\n\n<figure class=\"wp-block-embed-vimeo wp-block-embed is-type-video is-provider-vimeo wp-embed-aspect-16-9 wp-has-aspect-ratio\"><div class=\"wp-block-embed__wrapper\">\n<iframe loading=\"lazy\" title=\"Paalusolmu vy\u00f6t\u00e4r\u00f6lle\" src=\"https:\/\/player.vimeo.com\/video\/135454719?dnt=1&amp;app_id=122963\" width=\"525\" height=\"295\" frameborder=\"0\" allow=\"autoplay; fullscreen; picture-in-picture; clipboard-write\"><\/iframe>\n<\/div><figcaption>Paalusolmu vy\u00f6t\u00e4r\u00f6lle (SPEK)<\/figcaption><\/figure>\n\n\n\n<h4 class=\"wp-block-heading\"><strong>Kahdeksikko<\/strong><\/h4>\n\n\n\n<p>Kahdeksikkoa voi k\u00e4ytt\u00e4\u00e4 p\u00e4\u00e4tt\u00f6solmuna k\u00f6yden p\u00e4\u00e4ss\u00e4 est\u00e4m\u00e4ss\u00e4 k\u00f6yden kulkemista jonkin kohteen l\u00e4pi. Tuplakahdeksikko eli kerrattu kahdeksikko muodostaa kiinte\u00e4n lenkin ja mahdollistaa kiinnitt\u00e4ytymisen. Tuplakahdeksikkoa k\u00e4ytet\u00e4\u00e4n etenkin korkealla ty\u00f6skennelless\u00e4.<\/p>\n\n\n\n<div class=\"wp-block-columns is-layout-flex wp-container-core-columns-is-layout-9d6595d7 wp-block-columns-is-layout-flex\">\n<div class=\"wp-block-column is-layout-flow wp-block-column-is-layout-flow\">\n<div class=\"wp-block-image\"><figure class=\"aligncenter size-large is-resized\"><img loading=\"lazy\" decoding=\"async\" src=\"https:\/\/rvpk.org\/wp\/wp-content\/uploads\/2020\/05\/kahdeksikko.png\" alt=\"\" class=\"wp-image-1353\" width=\"135\" height=\"213\" srcset=\"https:\/\/rvpk.org\/wp\/wp-content\/uploads\/2020\/05\/kahdeksikko.png 451w, https:\/\/rvpk.org\/wp\/wp-content\/uploads\/2020\/05\/kahdeksikko-190x300.png 190w\" sizes=\"auto, (max-width: 135px) 100vw, 135px\" \/><\/figure><\/div>\n<\/div>\n\n\n\n<div class=\"wp-block-column is-layout-flow wp-block-column-is-layout-flow\">\n<div class=\"wp-block-image\"><figure class=\"aligncenter size-large is-resized\"><img loading=\"lazy\" decoding=\"async\" src=\"https:\/\/rvpk.org\/wp\/wp-content\/uploads\/2020\/05\/kahdeksikko2.png\" alt=\"\" class=\"wp-image-1392\" width=\"134\" height=\"230\" srcset=\"https:\/\/rvpk.org\/wp\/wp-content\/uploads\/2020\/05\/kahdeksikko2.png 528w, https:\/\/rvpk.org\/wp\/wp-content\/uploads\/2020\/05\/kahdeksikko2-174x300.png 174w\" sizes=\"auto, (max-width: 134px) 100vw, 134px\" \/><\/figure><\/div>\n<\/div>\n<\/div>\n\n\n\n<figure class=\"wp-block-embed-vimeo wp-block-embed is-type-video is-provider-vimeo wp-embed-aspect-16-9 wp-has-aspect-ratio\"><div class=\"wp-block-embed__wrapper\">\n<iframe loading=\"lazy\" title=\"Kahdeksikko\" src=\"https:\/\/player.vimeo.com\/video\/135453083?dnt=1&amp;app_id=122963\" width=\"525\" height=\"295\" frameborder=\"0\" allow=\"autoplay; fullscreen; picture-in-picture; clipboard-write\"><\/iframe>\n<\/div><figcaption>Kahdeksikko (SPEK)<\/figcaption><\/figure>\n\n\n\n<hr class=\"wp-block-separator\"\/>\n\n\n\n<h2 class=\"wp-block-heading\"><strong>Teht\u00e4vi\u00e4<\/strong><\/h2>\n\n\n\n<h3 class=\"wp-block-heading\"><strong>Harjoittele solmuja<\/strong><\/h3>\n\n\n\n<p>Mitk\u00e4 seuraavista solmuista osaat jo?<\/p>\n\n\n<p>&nbsp;&nbsp; &#8211; leivonp\u00e4\u00e4<br>&nbsp;&nbsp; &#8211; siansorkka<br>&nbsp;&nbsp; &#8211; jalussolmu<br>&nbsp;&nbsp; &#8211; paalusolmu<br>&nbsp;&nbsp; &#8211; kahdeksikko<\/p>\n\n\n<p>Opettele v\u00e4hint\u00e4\u00e4n yksi uusi solmu!<\/p>\n\n\n\n<hr class=\"wp-block-separator\"\/>\n\n\n\n<h3 class=\"wp-block-heading\"><strong>Solmumuistipeli<\/strong><\/h3>\n\n\n\n<p><code><div class=\"h5p-content\" data-content-id=\"14\"><\/div><\/code><\/p>\n\n\n\n<hr class=\"wp-block-separator\"\/>\n\n\n\n<h3 class=\"wp-block-heading\"><strong>Palonaru<\/strong><\/h3>\n\n\n\n<p><code><div class=\"h5p-iframe-wrapper\"><iframe id=\"h5p-iframe-15\" class=\"h5p-iframe\" data-content-id=\"15\" style=\"height:1px\" src=\"about:blank\" frameBorder=\"0\" scrolling=\"no\" title=\"Kantolenkki\"><\/iframe><\/div><\/code><\/p>\n\n\n\n<hr class=\"wp-block-separator\"\/>\n\n\n\n<h3 class=\"wp-block-heading\"><strong>Extra &#8211; Solmuhaasteita<\/strong><\/h3>\n\n\n\n<p><strong>Siansorkka<\/strong><br>Osaatko tehd\u00e4 siansorkan yhdell\u00e4 k\u00e4dell\u00e4?<\/p>\n\n\n\n<figure class=\"wp-block-video\"><video height=\"1024\" style=\"aspect-ratio: 576 \/ 1024;\" width=\"576\" controls src=\"https:\/\/rvpk.org\/wp\/wp-content\/uploads\/2020\/05\/4bf1435f75263c449ceb92cd5fccf77f.mp4\"><\/video><\/figure>\n\n\n\n<p><strong>Kahdeksikko<\/strong><br>Saatko kahdeksikon lassoamalla?<\/p>\n\n\n\n<figure class=\"wp-block-video\"><video height=\"1024\" style=\"aspect-ratio: 576 \/ 1024;\" width=\"576\" controls src=\"https:\/\/rvpk.org\/wp\/wp-content\/uploads\/2020\/05\/34e4f400a5bb43912c21cacaf917e96b.mp4\"><\/video><\/figure>\n\n\n\n<p><strong>Lentopaalusolmu<\/strong><\/p>\n\n\n\n<p>Lentopaalusolmu on hieman eri solmu kuin perinteinen paalusolmu. Lentopaalusolmussa narun p\u00e4\u00e4 tulee ulosp\u00e4in lenkist\u00e4.<\/p>\n\n\n\n<figure class=\"wp-block-video\"><video height=\"1024\" style=\"aspect-ratio: 576 \/ 1024;\" width=\"576\" controls src=\"https:\/\/rvpk.org\/wp\/wp-content\/uploads\/2020\/05\/ce6377152572c9831a547e90ca2fbb53.mp4\"><\/video><\/figure>\n\n\n\n<figure class=\"wp-block-video\"><video height=\"1024\" style=\"aspect-ratio: 576 \/ 1024;\" width=\"576\" controls src=\"https:\/\/rvpk.org\/wp\/wp-content\/uploads\/2020\/05\/798fc74612d1c79a2cfb80e940878ada.mp4\"><\/video><\/figure>\n","protected":false},"excerpt":{"rendered":"<p>Harjoituksen aiheena on palonaru ja solmut. Palonaru kuuluu toisen tasokurssin (TaKu 2) sis\u00e4lt\u00f6\u00f6n ja solmut tasokursseihin 1 ja 3 (TaKu 1&amp;3). Ota tavoitteeksesi oppia yksi uusi solmu. Tietoisku Palonaru Palonaru on karbiinihaalla varustettu k\u00f6ysi, jota s\u00e4ilytet\u00e4\u00e4n kelalla. Palonarua k\u00e4ytet\u00e4\u00e4n esimerkiksi kaluston nostamiseen ja sitomiseen. Palonarua voidaan nimitt\u00e4\u00e4 my\u00f6s kalustonaruksi. Palonarua ei k\u00e4ytet\u00e4 korkealla ty\u00f6skentelyn apuv\u00e4lineen\u00e4 &hellip; <\/p>\n<p class=\"link-more\"><a href=\"https:\/\/rvpk.org\/wp\/nos__trashed\/12-5-2020-nuoriso-osaston-etaharjoitus-palonaru-ja-solmut\/\" class=\"more-link\">Jatka lukemista<span class=\"screen-reader-text\"> &#8221;12.5.2020 Nuoriso-osaston et\u00e4harjoitus: Palonaru ja solmut&#8221;<\/span><\/a><\/p>\n","protected":false},"author":101012,"featured_media":0,"parent":28,"menu_order":-2,"comment_status":"closed","ping_status":"closed","template":"","meta":{"footnotes":""},"class_list":["post-1321","page","type-page","status-publish","hentry"],"_links":{"self":[{"href":"https:\/\/rvpk.org\/wp\/wp-json\/wp\/v2\/pages\/1321","targetHints":{"allow":["GET"]}}],"collection":[{"href":"https:\/\/rvpk.org\/wp\/wp-json\/wp\/v2\/pages"}],"about":[{"href":"https:\/\/rvpk.org\/wp\/wp-json\/wp\/v2\/types\/page"}],"author":[{"embeddable":true,"href":"https:\/\/rvpk.org\/wp\/wp-json\/wp\/v2\/users\/101012"}],"replies":[{"embeddable":true,"href":"https:\/\/rvpk.org\/wp\/wp-json\/wp\/v2\/comments?post=1321"}],"version-history":[{"count":88,"href":"https:\/\/rvpk.org\/wp\/wp-json\/wp\/v2\/pages\/1321\/revisions"}],"predecessor-version":[{"id":1438,"href":"https:\/\/rvpk.org\/wp\/wp-json\/wp\/v2\/pages\/1321\/revisions\/1438"}],"up":[{"embeddable":true,"href":"https:\/\/rvpk.org\/wp\/wp-json\/wp\/v2\/pages\/28"}],"wp:attachment":[{"href":"https:\/\/rvpk.org\/wp\/wp-json\/wp\/v2\/media?parent=1321"}],"curies":[{"name":"wp","href":"https:\/\/api.w.org\/{rel}","templated":true}]}}